{"id":95,"date":"2025-02-21T18:41:17","date_gmt":"2025-02-21T17:41:17","guid":{"rendered":"https:\/\/www.jetcharter24.com\/rent-a-private-jet-istanbul-ankara\/"},"modified":"2025-10-05T17:10:42","modified_gmt":"2025-10-05T15:10:42","slug":"rent-a-private-jet-istanbul-ankara","status":"publish","type":"page","link":"https:\/\/www.jetcharter24.com\/en\/rent-a-private-jet-istanbul-ankara\/","title":{"rendered":"Rent a private jet: Istanbul &#8211; Ankara"},"content":{"rendered":"\n<div class=\"wp-block-group r_top_box anmt bottom-t-top\"><div class=\"wp-block-group__inner-container is-layout-constrained wp-block-group-is-layout-constrained\">\n<p class=\"acl\">Rent a private jet from Istanbul to Ankara<\/p>\n\n\n\n<h2 class=\"wp-block-heading h1\"><strong>Rent a private jet from Istanbul to Ankara<\/strong><\/h2>\n\n\n\n<p><span style=\"font-weight: 400;\">The route from Istanbul to Ankara is one of the most frequently used connections in Turkey, whether for business trips or private stays. With a private jet, you can travel flexibly, quickly and in the utmost comfort. Instead of sticking to scheduled flight timetables or wasting time waiting at the airport, with JetCharter24 you can enjoy a tailor-made flight experience. Our personalized service ensures that your journey from Istanbul to Ankara is exactly as you want it &#8211; stress-free, luxurious and efficient.&nbsp;<\/span><\/p>\n\n\n<div class=\"btn gomodal btn-icon-right anmt zoom-in\" data-target=\"#jet_form\">Contact<i class=\"fa fa-long-arrow-right\"><\/i><\/div>\n\n\n\n<p><\/p>\n\n\n\n<h2 class=\"wp-block-heading\"><strong>Rent a private jet from Istanbul to Ankara: aircraft selection<\/strong><\/h2>\n\n\n\n<p><span style=\"font-weight: 400;\">Depending on the number of passengers, range and comfort, you can choose between different types of aircraft:<\/span><\/p>\n\n\n\n<p><span style=\"font-weight: 400;\">Light Jet: <\/span><span style=\"font-weight: 400;\">Cessna Citation CJ2, Cessna Citation CJ3, Cessna CJ4 <\/span><\/p>\n\n\n\n<p><span style=\"font-weight: 400;\">Passengers: up to 6 <\/span><\/p>\n\n\n\n<p><span style=\"font-weight: 400;\">Super Light Jet: Phenom 300 , Citation XLS, Citation Sovereign 680, Citation Latitude, Pilatus PC 24, <\/span><\/p>\n\n\n\n<p><span style=\"font-weight: 400;\">Passengers: up to 8<\/span><\/p>\n\n\n\n<p><span style=\"font-weight: 400;\">Midsize Jet \/ heavy Jet : Challenger 300, Challenger 350, Challenger 604, Gulfstream 550, Gulfstream 650, Falcon 2000<\/span><\/p>\n\n\n\n<p><span style=\"font-weight: 400;\">Passengers: 8 &#8211; 13 <\/span><\/p>\n\n\n\n<p><strong>Private jet hire Istanbul &#8211; Ankara costs<\/strong><\/p>\n\n\n\n<p><span style=\"font-weight: 400;\">(Prices in Euro \/ Prices without guarantee &#8211; prices may vary)<\/span><\/p>\n\n\n\n<figure class=\"wp-block-table\"><table class=\"has-fixed-layout\"><tbody><tr><td><span style=\"font-weight: 400;\">Destination<\/span><\/td><td><span style=\"font-weight: 400;\">Light Jet<\/span><\/td><td><span style=\"font-weight: 400;\">Super Light Jet <\/span><\/td><td><span style=\"font-weight: 400;\">Midsize Jet<\/span><\/td><td><span style=\"font-weight: 400;\">Super \/ Midsize Jet <\/span><\/td><td><span style=\"font-weight: 400;\">Heavy Jet <\/span><\/td><\/tr><tr><td><span style=\"font-weight: 400;\">Tel Aviv<\/span><\/td><td><span style=\"font-weight: 400;\">7500<\/span><\/td><td><span style=\"font-weight: 400;\">8500<\/span><\/td><td><span style=\"font-weight: 400;\">10500<\/span><\/td><td><span style=\"font-weight: 400;\">15150<\/span><\/td><td><span style=\"font-weight: 400;\">19.000<\/span><\/td><\/tr><\/tbody><\/table><\/figure>\n<\/div><\/div>\n\n\n\n<div class=\"wp-block-group r_col_box\"><div class=\"wp-block-group__inner-container is-layout-constrained wp-block-group-is-layout-constrained\">\n<div class=\"wp-block-columns is-layout-flex wp-container-core-columns-is-layout-9d6595d7 wp-block-columns-is-layout-flex\">\n<div class=\"wp-block-column is-layout-flow wp-block-column-is-layout-flow\">\n<figure class=\"wp-block-image size-full anmt left-t-right\"><img loading=\"lazy\" decoding=\"async\" width=\"750\" height=\"563\" src=\"https:\/\/www.jetcharter24.com\/wp-content\/uploads\/2021\/08\/Privatjet_buchen_CJ2_1.jpg\" alt=\"\" class=\"wp-image-145\"\/><\/figure>\n<\/div>\n\n\n\n<div class=\"wp-block-column anmt right-t-left is-layout-flow wp-block-column-is-layout-flow\">\n<h3>Why hire a private jet Istanbul &#8211; Ankara?<\/h3>\n<p>The flight time between Istanbul and Ankara is around 55 minutes, making this route ideal for fast and efficient travel. While commercial flights are often restricted by fixed departure times, a private jet offers you full flexibility. In Istanbul, you can take off from airports such as Istanbul Atat\u00fcrk (ISL) or Sabiha G\u00f6k\u00e7en (SAW), while Esenbo\u011fa International Airport (ESB) in Ankara is your destination. Both cities are economic and political centers, which is why this route is often used by business people and government representatives.<\/p>\n<div class=\"btn gomodal btn-icon-right anmt zoom-in\" data-target=\"#jet_form\">Contact<i class=\"fa fa-long-arrow-right\"><\/i><\/div>\n<\/div>\n<\/div>\n\n\n\n<div class=\"wp-block-columns col-rev is-layout-flex wp-container-core-columns-is-layout-9d6595d7 wp-block-columns-is-layout-flex\">\n<div class=\"wp-block-column anmt left-t-right is-layout-flow wp-block-column-is-layout-flow\">\n<h2>For business travelers<\/h2>\n<p>As the capital of Turkey, Ankara is the political center of the country, where numerous diplomatic meetings and economic negotiations take place. Business travelers who rent a private jet Istanbul \u2013 Ankara benefit from maximum time savings and a comfortable environment to prepare for their meetings. You avoid waiting times, travel discreetly and enjoy maximum comfort on board. In addition, you can fly directly from or to smaller airports to minimize transfers to your final destination.<\/p>\n<div class=\"btn gomodal btn-icon-right anmt zoom-in\" data-target=\"#jet_form\">Contact<i class=\"fa fa-long-arrow-right\"><\/i><\/div>\n<\/div>\n\n\n\n<div class=\"wp-block-column is-layout-flow wp-block-column-is-layout-flow\">\n<figure class=\"wp-block-image size-full anmt right-t-left\"><img loading=\"lazy\" decoding=\"async\" width=\"800\" height=\"533\" src=\"https:\/\/www.jetcharter24.com\/wp-content\/uploads\/2025\/09\/Privatflug_Buchen_1.jpg\" alt=\"Privatjet mieten\" class=\"wp-image-482\" srcset=\"https:\/\/www.jetcharter24.com\/wp-content\/uploads\/2025\/09\/Privatflug_Buchen_1.jpg 800w, https:\/\/www.jetcharter24.com\/wp-content\/uploads\/2025\/09\/Privatflug_Buchen_1-768x512.jpg 768w, https:\/\/www.jetcharter24.com\/wp-content\/uploads\/2025\/09\/Privatflug_Buchen_1-720x480.jpg 720w\" sizes=\"auto, (max-width: 800px) 100vw, 800px\" \/><\/figure>\n<\/div>\n<\/div>\n\n\n\n<div class=\"wp-block-columns is-layout-flex wp-container-core-columns-is-layout-9d6595d7 wp-block-columns-is-layout-flex\">\n<div class=\"wp-block-column is-layout-flow wp-block-column-is-layout-flow\">\n<figure class=\"wp-block-image size-full anmt left-t-right\"><img loading=\"lazy\" decoding=\"async\" width=\"800\" height=\"422\" src=\"https:\/\/www.jetcharter24.com\/wp-content\/uploads\/2025\/09\/Flugzeug-Chartern-03.jpg\" alt=\"Privatjet mieten\" class=\"wp-image-484\" srcset=\"https:\/\/www.jetcharter24.com\/wp-content\/uploads\/2025\/09\/Flugzeug-Chartern-03.jpg 800w, https:\/\/www.jetcharter24.com\/wp-content\/uploads\/2025\/09\/Flugzeug-Chartern-03-768x405.jpg 768w\" sizes=\"auto, (max-width: 800px) 100vw, 800px\" \/><\/figure>\n<\/div>\n\n\n\n<div class=\"wp-block-column anmt right-t-left is-layout-flow wp-block-column-is-layout-flow\">\n<h2 class=\"h3\">For private travelers<\/h2>\n<p>In addition to business travelers, many private travelers also use this route, whether for a weekend getaway, a family visit or a short trip to the capital. A private jet provides a relaxed and exclusive atmosphere in which you can sit back and enjoy your trip. Whether it\u2019s a luxurious city trip with cultural highlights or an important family visit \u2013 with a private jet, your journey begins without hectic and waiting times.<\/p>\n<div class=\"btn gomodal btn-icon-right anmt zoom-in\" data-target=\"#jet_form\">Contact<i class=\"fa fa-long-arrow-right\"><\/i><\/div>\n<\/div>\n<\/div>\n\n\n\n<div class=\"wp-block-columns no-ai is-layout-flex wp-container-core-columns-is-layout-9d6595d7 wp-block-columns-is-layout-flex\">\n<div class=\"wp-block-column anmt left-t-right is-layout-flow wp-block-column-is-layout-flow\">\n<h3>Our services for your trip<\/h3>\n<p>JetCharter24 not only ensures that your flight runs smoothly, but also offers you VIP transfers, customized catering and flexible flight times. No matter whether you want to fly early in the morning or late in the evening \u2013 we adapt the flight schedule to your wishes. Our experienced team provides an exclusive service that will make your trip a unique experience.<\/p>\n<\/div>\n\n\n\n<div class=\"wp-block-column anmt right-t-left is-layout-flow wp-block-column-is-layout-flow\">\n<h3>JetCharter24 for your private jet trip<\/h3>\n<p>A private jet charter Istanbul \u2013 Ankara is the ideal choice for those who value flexibility, comfort and time savings. With JetCharter24, you get a customized flight solution that meets your needs. Contact us now for a personalized quote and enjoy a trip of the highest standard!<\/p>\n<\/div>\n<\/div>\n<\/div><\/div>\n\n\n\n<div class=\"wp-block-group r_bottom_box bg-logo anmt bottom-t-top\"><div class=\"wp-block-group__inner-container is-layout-constrained wp-block-group-is-layout-constrained\">\n<p class=\"acl\">JetCharter 24 \u2013<\/p>\n<h4>Do you have any questions?<\/h4>\n<p>Then simply contact us. Our expert team is there for you 24 hours a day, 365 days a year! If you want to hire a private jet, we will find the right offer for your trip.<\/p>\n<p><strong>We look forward to hearing from you and will be happy to answer any questions you may have.<\/strong><\/p>\n<div class=\"btn gomodal btn-icon-right anmt zoom-in\" data-target=\"#jet_form\">Contact<i class=\"fa fa-long-arrow-right\"><\/i><\/div>\n<\/div><\/div>\n\n\n\n<p>\u00a0<\/p>\n","protected":false},"excerpt":{"rendered":"<p>Rent a private jet from Istanbul to Ankara Rent a private jet from Istanbul to Ankara The route from Istanbul to Ankara is one of the most frequently used connections in Turkey, whether for business trips or private stays. With a private jet, you can travel flexibly, quickly and in the utmost comfort. Instead of [&hellip;]<\/p>\n","protected":false},"author":1,"featured_media":0,"parent":0,"menu_order":0,"comment_status":"closed","ping_status":"closed","template":"template-reiseziele.php","meta":{"footnotes":""},"class_list":["post-95","page","type-page","status-publish","hentry"],"yoast_head":"<!-- This site is optimized with the Yoast SEO plugin v26.1.1 - https:\/\/yoast.com\/wordpress\/plugins\/seo\/ -->\n<title>Rent a private jet from Istanbul to Ankara \u2714 Charter a jet<\/title>\n<meta name=\"description\" content=\"Rent a private jet from Istanbul to Ankara \u2713 Exclusive private jet network \u2713 Personal availability &amp; advice \u27a4 Enquire now\" \/>\n<meta name=\"robots\" content=\"index, follow, max-snippet:-1, max-image-preview:large, max-video-preview:-1\" \/>\n<link rel=\"canonical\" href=\"https:\/\/www.jetcharter24.com\/en\/rent-a-private-jet-istanbul-ankara\/\" \/>\n<meta property=\"og:locale\" content=\"en_US\" \/>\n<meta property=\"og:type\" content=\"article\" \/>\n<meta property=\"og:title\" content=\"Rent a private jet from Istanbul to Ankara \u2714 Charter a jet\" \/>\n<meta property=\"og:description\" content=\"Rent a private jet from Istanbul to Ankara \u2713 Exclusive private jet network \u2713 Personal availability &amp; advice \u27a4 Enquire now\" \/>\n<meta property=\"og:url\" content=\"https:\/\/www.jetcharter24.com\/en\/rent-a-private-jet-istanbul-ankara\/\" \/>\n<meta property=\"og:site_name\" content=\"JetCharter 24\" \/>\n<meta property=\"article:modified_time\" content=\"2025-10-05T15:10:42+00:00\" \/>\n<meta property=\"og:image\" content=\"https:\/\/www.jetcharter24.com\/wp-content\/uploads\/2021\/08\/Privatjet_buchen_CJ2_1.jpg\" \/>\n\t<meta property=\"og:image:width\" content=\"750\" \/>\n\t<meta property=\"og:image:height\" content=\"563\" \/>\n\t<meta property=\"og:image:type\" content=\"image\/jpeg\" \/>\n<meta name=\"twitter:card\" content=\"summary_large_image\" \/>\n<meta name=\"twitter:label1\" content=\"Est. reading time\" \/>\n\t<meta name=\"twitter:data1\" content=\"4 minutes\" \/>\n<script type=\"application\/ld+json\" class=\"yoast-schema-graph\">{\"@context\":\"https:\/\/schema.org\",\"@graph\":[{\"@type\":\"WebPage\",\"@id\":\"https:\/\/www.jetcharter24.com\/en\/rent-a-private-jet-istanbul-ankara\/\",\"url\":\"https:\/\/www.jetcharter24.com\/en\/rent-a-private-jet-istanbul-ankara\/\",\"name\":\"Rent a private jet from Istanbul to Ankara \u2714 Charter a jet\",\"isPartOf\":{\"@id\":\"https:\/\/www.jetcharter24.com\/en\/#website\"},\"primaryImageOfPage\":{\"@id\":\"https:\/\/www.jetcharter24.com\/en\/rent-a-private-jet-istanbul-ankara\/#primaryimage\"},\"image\":{\"@id\":\"https:\/\/www.jetcharter24.com\/en\/rent-a-private-jet-istanbul-ankara\/#primaryimage\"},\"thumbnailUrl\":\"https:\/\/www.jetcharter24.com\/wp-content\/uploads\/2021\/08\/Privatjet_buchen_CJ2_1.jpg\",\"datePublished\":\"2025-02-21T17:41:17+00:00\",\"dateModified\":\"2025-10-05T15:10:42+00:00\",\"description\":\"Rent a private jet from Istanbul to Ankara \u2713 Exclusive private jet network \u2713 Personal availability & advice \u27a4 Enquire now\",\"breadcrumb\":{\"@id\":\"https:\/\/www.jetcharter24.com\/en\/rent-a-private-jet-istanbul-ankara\/#breadcrumb\"},\"inLanguage\":\"en-US\",\"potentialAction\":[{\"@type\":\"ReadAction\",\"target\":[\"https:\/\/www.jetcharter24.com\/en\/rent-a-private-jet-istanbul-ankara\/\"]}]},{\"@type\":\"ImageObject\",\"inLanguage\":\"en-US\",\"@id\":\"https:\/\/www.jetcharter24.com\/en\/rent-a-private-jet-istanbul-ankara\/#primaryimage\",\"url\":\"https:\/\/www.jetcharter24.com\/wp-content\/uploads\/2021\/08\/Privatjet_buchen_CJ2_1.jpg\",\"contentUrl\":\"https:\/\/www.jetcharter24.com\/wp-content\/uploads\/2021\/08\/Privatjet_buchen_CJ2_1.jpg\"},{\"@type\":\"BreadcrumbList\",\"@id\":\"https:\/\/www.jetcharter24.com\/en\/rent-a-private-jet-istanbul-ankara\/#breadcrumb\",\"itemListElement\":[{\"@type\":\"ListItem\",\"position\":1,\"name\":\"Startseite\",\"item\":\"https:\/\/www.jetcharter24.com\/en\/\"},{\"@type\":\"ListItem\",\"position\":2,\"name\":\"Rent a private jet: Istanbul &#8211; Ankara\"}]},{\"@type\":\"WebSite\",\"@id\":\"https:\/\/www.jetcharter24.com\/en\/#website\",\"url\":\"https:\/\/www.jetcharter24.com\/en\/\",\"name\":\"JetCharter 24\",\"description\":\"Ihr pers\u00f6nlicher JetCharter-Broker\",\"potentialAction\":[{\"@type\":\"SearchAction\",\"target\":{\"@type\":\"EntryPoint\",\"urlTemplate\":\"https:\/\/www.jetcharter24.com\/en\/?s={search_term_string}\"},\"query-input\":{\"@type\":\"PropertyValueSpecification\",\"valueRequired\":true,\"valueName\":\"search_term_string\"}}],\"inLanguage\":\"en-US\"}]}<\/script>\n<!-- \/ Yoast SEO plugin. -->","yoast_head_json":{"title":"Rent a private jet from Istanbul to Ankara \u2714 Charter a jet","description":"Rent a private jet from Istanbul to Ankara \u2713 Exclusive private jet network \u2713 Personal availability & advice \u27a4 Enquire now","robots":{"index":"index","follow":"follow","max-snippet":"max-snippet:-1","max-image-preview":"max-image-preview:large","max-video-preview":"max-video-preview:-1"},"canonical":"https:\/\/www.jetcharter24.com\/en\/rent-a-private-jet-istanbul-ankara\/","og_locale":"en_US","og_type":"article","og_title":"Rent a private jet from Istanbul to Ankara \u2714 Charter a jet","og_description":"Rent a private jet from Istanbul to Ankara \u2713 Exclusive private jet network \u2713 Personal availability & advice \u27a4 Enquire now","og_url":"https:\/\/www.jetcharter24.com\/en\/rent-a-private-jet-istanbul-ankara\/","og_site_name":"JetCharter 24","article_modified_time":"2025-10-05T15:10:42+00:00","og_image":[{"width":750,"height":563,"url":"https:\/\/www.jetcharter24.com\/wp-content\/uploads\/2021\/08\/Privatjet_buchen_CJ2_1.jpg","type":"image\/jpeg"}],"twitter_card":"summary_large_image","twitter_misc":{"Est. reading time":"4 minutes"},"schema":{"@context":"https:\/\/schema.org","@graph":[{"@type":"WebPage","@id":"https:\/\/www.jetcharter24.com\/en\/rent-a-private-jet-istanbul-ankara\/","url":"https:\/\/www.jetcharter24.com\/en\/rent-a-private-jet-istanbul-ankara\/","name":"Rent a private jet from Istanbul to Ankara \u2714 Charter a jet","isPartOf":{"@id":"https:\/\/www.jetcharter24.com\/en\/#website"},"primaryImageOfPage":{"@id":"https:\/\/www.jetcharter24.com\/en\/rent-a-private-jet-istanbul-ankara\/#primaryimage"},"image":{"@id":"https:\/\/www.jetcharter24.com\/en\/rent-a-private-jet-istanbul-ankara\/#primaryimage"},"thumbnailUrl":"https:\/\/www.jetcharter24.com\/wp-content\/uploads\/2021\/08\/Privatjet_buchen_CJ2_1.jpg","datePublished":"2025-02-21T17:41:17+00:00","dateModified":"2025-10-05T15:10:42+00:00","description":"Rent a private jet from Istanbul to Ankara \u2713 Exclusive private jet network \u2713 Personal availability & advice \u27a4 Enquire now","breadcrumb":{"@id":"https:\/\/www.jetcharter24.com\/en\/rent-a-private-jet-istanbul-ankara\/#breadcrumb"},"inLanguage":"en-US","potentialAction":[{"@type":"ReadAction","target":["https:\/\/www.jetcharter24.com\/en\/rent-a-private-jet-istanbul-ankara\/"]}]},{"@type":"ImageObject","inLanguage":"en-US","@id":"https:\/\/www.jetcharter24.com\/en\/rent-a-private-jet-istanbul-ankara\/#primaryimage","url":"https:\/\/www.jetcharter24.com\/wp-content\/uploads\/2021\/08\/Privatjet_buchen_CJ2_1.jpg","contentUrl":"https:\/\/www.jetcharter24.com\/wp-content\/uploads\/2021\/08\/Privatjet_buchen_CJ2_1.jpg"},{"@type":"BreadcrumbList","@id":"https:\/\/www.jetcharter24.com\/en\/rent-a-private-jet-istanbul-ankara\/#breadcrumb","itemListElement":[{"@type":"ListItem","position":1,"name":"Startseite","item":"https:\/\/www.jetcharter24.com\/en\/"},{"@type":"ListItem","position":2,"name":"Rent a private jet: Istanbul &#8211; Ankara"}]},{"@type":"WebSite","@id":"https:\/\/www.jetcharter24.com\/en\/#website","url":"https:\/\/www.jetcharter24.com\/en\/","name":"JetCharter 24","description":"Ihr pers\u00f6nlicher JetCharter-Broker","potentialAction":[{"@type":"SearchAction","target":{"@type":"EntryPoint","urlTemplate":"https:\/\/www.jetcharter24.com\/en\/?s={search_term_string}"},"query-input":{"@type":"PropertyValueSpecification","valueRequired":true,"valueName":"search_term_string"}}],"inLanguage":"en-US"}]}},"_links":{"self":[{"href":"https:\/\/www.jetcharter24.com\/en\/wp-json\/wp\/v2\/pages\/95","targetHints":{"allow":["GET"]}}],"collection":[{"href":"https:\/\/www.jetcharter24.com\/en\/wp-json\/wp\/v2\/pages"}],"about":[{"href":"https:\/\/www.jetcharter24.com\/en\/wp-json\/wp\/v2\/types\/page"}],"author":[{"embeddable":true,"href":"https:\/\/www.jetcharter24.com\/en\/wp-json\/wp\/v2\/users\/1"}],"replies":[{"embeddable":true,"href":"https:\/\/www.jetcharter24.com\/en\/wp-json\/wp\/v2\/comments?post=95"}],"version-history":[{"count":1,"href":"https:\/\/www.jetcharter24.com\/en\/wp-json\/wp\/v2\/pages\/95\/revisions"}],"predecessor-version":[{"id":1093,"href":"https:\/\/www.jetcharter24.com\/en\/wp-json\/wp\/v2\/pages\/95\/revisions\/1093"}],"wp:attachment":[{"href":"https:\/\/www.jetcharter24.com\/en\/wp-json\/wp\/v2\/media?parent=95"}],"curies":[{"name":"wp","href":"https:\/\/api.w.org\/{rel}","templated":true}]}}