{"id":89,"date":"2024-10-16T09:18:05","date_gmt":"2024-10-16T07:18:05","guid":{"rendered":"https:\/\/www.jetcharter24.com\/private-jet-hire-paris\/"},"modified":"2025-10-05T15:27:48","modified_gmt":"2025-10-05T13:27:48","slug":"private-jet-hire-paris","status":"publish","type":"page","link":"https:\/\/www.jetcharter24.com\/en\/private-jet-hire-paris\/","title":{"rendered":"Private jet hire Paris"},"content":{"rendered":"\n<div class=\"wp-block-group r_top_box anmt bottom-t-top\"><div class=\"wp-block-group__inner-container is-layout-constrained wp-block-group-is-layout-constrained\">\n<p class=\"acl\">Private jet hire Paris<\/p>\n\n\n\n<h2 class=\"wp-block-heading h1\">Rent a private jet from Paris Le Bourget (LBG\/LFPB)<\/h2>\n\n\n\n<p><span style=\"font-weight: 400;\"><strong>Paris-Le Bourget Airport (LBG) <\/strong>Le Bourget is reserved exclusively for private and business aviation. This allows for faster processing, smooth operations and maximum discretion. Those wishing to hire a private jet in Paris benefit from outstanding service and luxurious lounges that are specially tailored to the needs of passengers. <\/span><\/p>\n\n\n\n<h2 class=\"wp-block-heading h1\">Private jet hire Paris: location and accessibility of the airport<\/h2>\n\n\n\n<p><span style=\"font-weight: 400;\">Paris Le Bourget Airport is located around 7 kilometers north-east of Paris city center and has excellent connections to the city centre via the A1 and A3 freeways. You can reach the center of Paris in around 20 minutes by car or limousine service. You can also easily reach the La D\u00e9fense business center or other important places in and around Paris from the airport&nbsp;<\/span><\/p>\n\n\n\n<h3 class=\"wp-block-heading\">Private jet hire Paris: Private jets<\/h3>\n\n\n\n<p><span style=\"font-weight: 400;\">Depending on the number of passengers, range and comfort, you can choose between different types of aircraft:<\/span><\/p>\n\n\n\n<p><b>Light Jet<\/b><\/p>\n\n\n\n<p><span style=\"font-weight: 400;\">Cessna Citation CJ2, Cessna Citation CJ3, Cessna CJ4 <\/span><\/p>\n\n\n\n<p><span style=\"font-weight: 400;\">Passengers: up to 6<\/span><\/p>\n\n\n\n<p><b>Super Light Jet:<\/b><span style=\"font-weight: 400;\"> Phenom 300 , Citation XLS, Citation Sovereign 680, Citation Latitude, Pilatus PC 24, <\/span><\/p>\n\n\n\n<p><span style=\"font-weight: 400;\">Passengers: up to 8<\/span><\/p>\n\n\n\n<p><b>Midsize Jet \/ Heavy Jet :<\/b><span style=\"font-weight: 400;\"> Challenger 300, Challenger 350, Challenger 604, Gulfstream 550, Gulfstream 650, Falcon 2000<\/span><\/p>\n\n\n\n<p><span style=\"font-weight: 400;\">Passengers: 8 &#8211; 13<\/span><\/p>\n\n\n\n<h3 class=\"wp-block-heading\">Rent a private jet from Paris Le Bourget Prices<\/h3>\n\n\n\n<p><i><span style=\"font-weight: 400;\">(Prices in Euro \/ Prices without guarantee &#8211; prices may vary)<\/span><\/i><\/p>\n\n\n\n<figure class=\"wp-block-table\"><table class=\"has-fixed-layout\"><tbody><tr><td><span style=\"font-weight: 400;\">Destination<\/span><\/td><td><span style=\"font-weight: 400;\">Light Jet<\/span><\/td><td><span style=\"font-weight: 400;\">Super Light Jet <\/span><\/td><td><span style=\"font-weight: 400;\">Midsize Jet<\/span><\/td><td><span style=\"font-weight: 400;\">Super \/ Midsize Jet <\/span><\/td><td><span style=\"font-weight: 400;\">Heavy Jet <\/span><\/td><\/tr><tr><td><span style=\"font-weight: 400;\">Ibiza <\/span><\/td><td><span style=\"font-weight: 400;\">10.500<\/span><\/td><td><span style=\"font-weight: 400;\">13.700<\/span><\/td><td><span style=\"font-weight: 400;\">16.000<\/span><\/td><td><span style=\"font-weight: 400;\">18.900<\/span><\/td><td><span style=\"font-weight: 400;\">27.000<\/span><\/td><\/tr><tr><td><span style=\"font-weight: 400;\">Palma<\/span><\/td><td><span style=\"font-weight: 400;\">10.000<\/span><\/td><td><span style=\"font-weight: 400;\">11.400<\/span><\/td><td><span style=\"font-weight: 400;\">17.700<\/span><\/td><td><span style=\"font-weight: 400;\">21.000<\/span><\/td><td><span style=\"font-weight: 400;\">23.000<\/span><\/td><\/tr><tr><td><span style=\"font-weight: 400;\">Nice<\/span><\/td><td><span style=\"font-weight: 400;\">6.500<\/span><\/td><td><span style=\"font-weight: 400;\">7.500<\/span><\/td><td><span style=\"font-weight: 400;\">8.700<\/span><\/td><td><span style=\"font-weight: 400;\">12.000<\/span><\/td><td><span style=\"font-weight: 400;\">16.400<\/span><\/td><\/tr><tr><td><span style=\"font-weight: 400;\">London Farnborough<\/span><\/td><td><span style=\"font-weight: 400;\">6.700<\/span><\/td><td><span style=\"font-weight: 400;\">8.900<\/span><\/td><td><span style=\"font-weight: 400;\">10.350<\/span><\/td><td><span style=\"font-weight: 400;\">14.000<\/span><\/td><td><span style=\"font-weight: 400;\">15.800<\/span><\/td><\/tr><tr><td><span style=\"font-weight: 400;\">Geneva<\/span><\/td><td><span style=\"font-weight: 400;\">5.000<\/span><\/td><td><span style=\"font-weight: 400;\">7.500<\/span><\/td><td><span style=\"font-weight: 400;\">12.800<\/span><\/td><td><span style=\"font-weight: 400;\">14.300<\/span><\/td><td><span style=\"font-weight: 400;\">16.300<\/span><\/td><\/tr><tr><td><span style=\"font-weight: 400;\">Olbia<\/span><\/td><td><span style=\"font-weight: 400;\">10.000<\/span><\/td><td><span style=\"font-weight: 400;\">11.000<\/span><\/td><td><span style=\"font-weight: 400;\">12.000<\/span><\/td><td><span style=\"font-weight: 400;\">17.600<\/span><\/td><td><span style=\"font-weight: 400;\">22.600<\/span><\/td><\/tr><tr><td><span style=\"font-weight: 400;\">Barcelona<\/span><\/td><td><span style=\"font-weight: 400;\">8.000<\/span><\/td><td><span style=\"font-weight: 400;\">10.000<\/span><\/td><td><span style=\"font-weight: 400;\">12.900<\/span><\/td><td><span style=\"font-weight: 400;\">15.500<\/span><\/td><td><span style=\"font-weight: 400;\">18.800<\/span><\/td><\/tr><tr><td><span style=\"font-weight: 400;\">Almaty<\/span><\/td><td>&nbsp;<\/td><td>&nbsp;<\/td><td>&nbsp;<\/td><td>&nbsp;<\/td><td><span style=\"font-weight: 400;\">75.000<\/span><\/td><\/tr><tr><td><span style=\"font-weight: 400;\">Dubai<\/span><\/td><td>&nbsp;<\/td><td>&nbsp;<\/td><td>&nbsp;<\/td><td>&nbsp;<\/td><td><span style=\"font-weight: 400;\">55.000<\/span><\/td><\/tr><\/tbody><\/table><\/figure>\n\n\n\n<p>\u00a0<\/p>\n\n\n<div class=\"btn gomodal btn-icon-right anmt zoom-in\" data-target=\"#jet_form\">Contact<i class=\"fa fa-long-arrow-right\"><\/i><\/div>\n<\/div><\/div>\n\n\n\n<div class=\"wp-block-group r_col_box\"><div class=\"wp-block-group__inner-container is-layout-constrained wp-block-group-is-layout-constrained\">\n<div class=\"wp-block-columns is-layout-flex wp-container-core-columns-is-layout-9d6595d7 wp-block-columns-is-layout-flex\">\n<div class=\"wp-block-column is-layout-flow wp-block-column-is-layout-flow\">\n<figure class=\"wp-block-image size-full anmt left-t-right\"><img loading=\"lazy\" decoding=\"async\" width=\"750\" height=\"563\" src=\"https:\/\/www.jetcharter24.com\/wp-content\/uploads\/2021\/08\/Privatjet_buchen_CJ2_1.jpg\" alt=\"\" class=\"wp-image-145\"\/><\/figure>\n<\/div>\n\n\n\n<div class=\"wp-block-column anmt right-t-left is-layout-flow wp-block-column-is-layout-flow\">\n<h2 class=\"h3\">Information about Paris: Paris is the city of lights and love.<\/h2>\n<p><strong>1 Iconic sights:<\/strong>\u00a0The city is home to famous landmarks such as the Eiffel Tower, the Louvre, Notre-Dame Cathedral and the Arc de Triomphe.<\/p>\n<p><strong>2. art and culture:<\/strong>\u00a0Paris is a center for art and culture with first-class museums such as the Mus\u00e9e d\u2019Orsay and the Centre Pompidou as well as a lively theater and music scene.<\/p>\n<p><strong>3. architecture and history:<\/strong>\u00a0The city offers impressive architecture and historic neighborhoods such as Le Marais, Montmartre and the Latin Quarter, which are rich in history and charm.<\/p>\n<div class=\"btn gomodal btn-icon-right anmt zoom-in\" data-target=\"#jet_form\">Contact<i class=\"fa fa-long-arrow-right\"><\/i><\/div>\n<\/div>\n<\/div>\n\n\n\n<div class=\"wp-block-columns col-rev is-layout-flex wp-container-core-columns-is-layout-9d6595d7 wp-block-columns-is-layout-flex\">\n<div class=\"wp-block-column anmt left-t-right is-layout-flow wp-block-column-is-layout-flow\">\n<p><strong>4. culinary delights:<\/strong>\u00a0Paris is known for its excellent cuisine, from gourmet restaurants to traditional bistros and caf\u00e9s offering delicious French specialties and patisserie.<\/p>\n<p><strong>5. romantic atmosphere:<\/strong>\u00a0The city is known as one of the most romantic in the world, with picturesque streets, charming squares and romantic walks along the Seine.<\/p>\n<div class=\"btn gomodal btn-icon-right anmt zoom-in\" data-target=\"#jet_form\">Contact<i class=\"fa fa-long-arrow-right\"><\/i><\/div>\n<\/div>\n\n\n\n<div class=\"wp-block-column is-layout-flow wp-block-column-is-layout-flow\">\n<figure class=\"wp-block-image size-full anmt right-t-left\"><img loading=\"lazy\" decoding=\"async\" width=\"800\" height=\"533\" src=\"https:\/\/www.jetcharter24.com\/wp-content\/uploads\/2025\/09\/Privatflug_Buchen_1.jpg\" alt=\"Privatjet mieten\" class=\"wp-image-482\" srcset=\"https:\/\/www.jetcharter24.com\/wp-content\/uploads\/2025\/09\/Privatflug_Buchen_1.jpg 800w, https:\/\/www.jetcharter24.com\/wp-content\/uploads\/2025\/09\/Privatflug_Buchen_1-768x512.jpg 768w, https:\/\/www.jetcharter24.com\/wp-content\/uploads\/2025\/09\/Privatflug_Buchen_1-720x480.jpg 720w\" sizes=\"auto, (max-width: 800px) 100vw, 800px\" \/><\/figure>\n<\/div>\n<\/div>\n\n\n\n<div class=\"wp-block-columns is-layout-flex wp-container-core-columns-is-layout-9d6595d7 wp-block-columns-is-layout-flex\">\n<div class=\"wp-block-column is-layout-flow wp-block-column-is-layout-flow\">\n<figure class=\"wp-block-image size-full anmt left-t-right\"><img loading=\"lazy\" decoding=\"async\" width=\"800\" height=\"422\" src=\"https:\/\/www.jetcharter24.com\/wp-content\/uploads\/2025\/09\/Flugzeug-Chartern-03.jpg\" alt=\"Privatjet mieten\" class=\"wp-image-484\" srcset=\"https:\/\/www.jetcharter24.com\/wp-content\/uploads\/2025\/09\/Flugzeug-Chartern-03.jpg 800w, https:\/\/www.jetcharter24.com\/wp-content\/uploads\/2025\/09\/Flugzeug-Chartern-03-768x405.jpg 768w\" sizes=\"auto, (max-width: 800px) 100vw, 800px\" \/><\/figure>\n<\/div>\n\n\n\n<div class=\"wp-block-column anmt right-t-left is-layout-flow wp-block-column-is-layout-flow\">\n<p><strong>6. shopping:<\/strong>\u00a0Paris is a shopper\u2019s paradise with luxurious boutiques on the Champs-\u00c9lys\u00e9es, elegant department stores such as Galeries Lafayette, trendy designer stores and unique markets such as the March\u00e9 des Enfants Rouges.<\/p>\n<p><strong>7. gardens and parks:<\/strong>\u00a0The city offers beautiful green spaces such as the Jardin des Tuileries, the Jardin du Luxembourg and the Parc des Buttes-Chaumont, which offer relaxation and tranquillity.<\/p>\n<div class=\"btn gomodal btn-icon-right anmt zoom-in\" data-target=\"#jet_form\">Contact<i class=\"fa fa-long-arrow-right\"><\/i><\/div>\n<\/div>\n<\/div>\n<\/div><\/div>\n\n\n\n<div class=\"wp-block-group r_bottom_box bg-logo anmt bottom-t-top\"><div class=\"wp-block-group__inner-container is-layout-constrained wp-block-group-is-layout-constrained\">\n<p class=\"acl\">JetCharter 24 \u2013<\/p>\n<h4>Do you have any questions?<\/h4>\n<p>Then simply contact us. Our expert team is there for you 24 hours a day, 365 days a year! If you want to hire a private jet, we will find the right offer for your trip.<\/p>\n<p><strong>We look forward to hearing from you and will be happy to answer any questions you may have.<\/strong><\/p>\n<div class=\"btn gomodal btn-icon-right anmt zoom-in\" data-target=\"#jet_form\">Contact<i class=\"fa fa-long-arrow-right\"><\/i><\/div>\n<\/div><\/div>\n","protected":false},"excerpt":{"rendered":"<p>Private jet hire Paris Rent a private jet from Paris Le Bourget (LBG\/LFPB) Paris-Le Bourget Airport (LBG) Le Bourget is reserved exclusively for private and business aviation. This allows for faster processing, smooth operations and maximum discretion. Those wishing to hire a private jet in Paris benefit from outstanding service and luxurious lounges that are [&hellip;]<\/p>\n","protected":false},"author":1,"featured_media":0,"parent":0,"menu_order":0,"comment_status":"closed","ping_status":"closed","template":"template-reiseziele.php","meta":{"footnotes":""},"class_list":["post-89","page","type-page","status-publish","hentry"],"yoast_head":"<!-- This site is optimized with the Yoast SEO plugin v26.1.1 - https:\/\/yoast.com\/wordpress\/plugins\/seo\/ -->\n<title>Private jet hire Paris Le Bourget (LBG\/LFPB) \u2705 with top service<\/title>\n<meta name=\"description\" content=\"Private jet hire Paris Le Bourget (LBG\/LFPB) \u2713 exclusive private jet network \u2713 personal availability and advice \u27a4 enquire\" \/>\n<meta name=\"robots\" content=\"index, follow, max-snippet:-1, max-image-preview:large, max-video-preview:-1\" \/>\n<link rel=\"canonical\" href=\"https:\/\/www.jetcharter24.com\/en\/private-jet-hire-paris\/\" \/>\n<meta property=\"og:locale\" content=\"en_US\" \/>\n<meta property=\"og:type\" content=\"article\" \/>\n<meta property=\"og:title\" content=\"Private jet hire Paris Le Bourget (LBG\/LFPB) \u2705 with top service\" \/>\n<meta property=\"og:description\" content=\"Private jet hire Paris Le Bourget (LBG\/LFPB) \u2713 exclusive private jet network \u2713 personal availability and advice \u27a4 enquire\" \/>\n<meta property=\"og:url\" content=\"https:\/\/www.jetcharter24.com\/en\/private-jet-hire-paris\/\" \/>\n<meta property=\"og:site_name\" content=\"JetCharter 24\" \/>\n<meta property=\"article:modified_time\" content=\"2025-10-05T13:27:48+00:00\" \/>\n<meta property=\"og:image\" content=\"https:\/\/www.jetcharter24.com\/wp-content\/uploads\/2021\/08\/Privatjet_buchen_CJ2_1.jpg\" \/>\n\t<meta property=\"og:image:width\" content=\"750\" \/>\n\t<meta property=\"og:image:height\" content=\"563\" \/>\n\t<meta property=\"og:image:type\" content=\"image\/jpeg\" \/>\n<meta name=\"twitter:card\" content=\"summary_large_image\" \/>\n<meta name=\"twitter:label1\" content=\"Est. reading time\" \/>\n\t<meta name=\"twitter:data1\" content=\"4 minutes\" \/>\n<script type=\"application\/ld+json\" class=\"yoast-schema-graph\">{\"@context\":\"https:\/\/schema.org\",\"@graph\":[{\"@type\":\"WebPage\",\"@id\":\"https:\/\/www.jetcharter24.com\/en\/private-jet-hire-paris\/\",\"url\":\"https:\/\/www.jetcharter24.com\/en\/private-jet-hire-paris\/\",\"name\":\"Private jet hire Paris Le Bourget (LBG\/LFPB) \u2705 with top service\",\"isPartOf\":{\"@id\":\"https:\/\/www.jetcharter24.com\/en\/#website\"},\"primaryImageOfPage\":{\"@id\":\"https:\/\/www.jetcharter24.com\/en\/private-jet-hire-paris\/#primaryimage\"},\"image\":{\"@id\":\"https:\/\/www.jetcharter24.com\/en\/private-jet-hire-paris\/#primaryimage\"},\"thumbnailUrl\":\"https:\/\/www.jetcharter24.com\/wp-content\/uploads\/2021\/08\/Privatjet_buchen_CJ2_1.jpg\",\"datePublished\":\"2024-10-16T07:18:05+00:00\",\"dateModified\":\"2025-10-05T13:27:48+00:00\",\"description\":\"Private jet hire Paris Le Bourget (LBG\/LFPB) \u2713 exclusive private jet network \u2713 personal availability and advice \u27a4 enquire\",\"breadcrumb\":{\"@id\":\"https:\/\/www.jetcharter24.com\/en\/private-jet-hire-paris\/#breadcrumb\"},\"inLanguage\":\"en-US\",\"potentialAction\":[{\"@type\":\"ReadAction\",\"target\":[\"https:\/\/www.jetcharter24.com\/en\/private-jet-hire-paris\/\"]}]},{\"@type\":\"ImageObject\",\"inLanguage\":\"en-US\",\"@id\":\"https:\/\/www.jetcharter24.com\/en\/private-jet-hire-paris\/#primaryimage\",\"url\":\"https:\/\/www.jetcharter24.com\/wp-content\/uploads\/2021\/08\/Privatjet_buchen_CJ2_1.jpg\",\"contentUrl\":\"https:\/\/www.jetcharter24.com\/wp-content\/uploads\/2021\/08\/Privatjet_buchen_CJ2_1.jpg\"},{\"@type\":\"BreadcrumbList\",\"@id\":\"https:\/\/www.jetcharter24.com\/en\/private-jet-hire-paris\/#breadcrumb\",\"itemListElement\":[{\"@type\":\"ListItem\",\"position\":1,\"name\":\"Startseite\",\"item\":\"https:\/\/www.jetcharter24.com\/en\/\"},{\"@type\":\"ListItem\",\"position\":2,\"name\":\"Private jet hire Paris\"}]},{\"@type\":\"WebSite\",\"@id\":\"https:\/\/www.jetcharter24.com\/en\/#website\",\"url\":\"https:\/\/www.jetcharter24.com\/en\/\",\"name\":\"JetCharter 24\",\"description\":\"Ihr pers\u00f6nlicher JetCharter-Broker\",\"potentialAction\":[{\"@type\":\"SearchAction\",\"target\":{\"@type\":\"EntryPoint\",\"urlTemplate\":\"https:\/\/www.jetcharter24.com\/en\/?s={search_term_string}\"},\"query-input\":{\"@type\":\"PropertyValueSpecification\",\"valueRequired\":true,\"valueName\":\"search_term_string\"}}],\"inLanguage\":\"en-US\"}]}<\/script>\n<!-- \/ Yoast SEO plugin. -->","yoast_head_json":{"title":"Private jet hire Paris Le Bourget (LBG\/LFPB) \u2705 with top service","description":"Private jet hire Paris Le Bourget (LBG\/LFPB) \u2713 exclusive private jet network \u2713 personal availability and advice \u27a4 enquire","robots":{"index":"index","follow":"follow","max-snippet":"max-snippet:-1","max-image-preview":"max-image-preview:large","max-video-preview":"max-video-preview:-1"},"canonical":"https:\/\/www.jetcharter24.com\/en\/private-jet-hire-paris\/","og_locale":"en_US","og_type":"article","og_title":"Private jet hire Paris Le Bourget (LBG\/LFPB) \u2705 with top service","og_description":"Private jet hire Paris Le Bourget (LBG\/LFPB) \u2713 exclusive private jet network \u2713 personal availability and advice \u27a4 enquire","og_url":"https:\/\/www.jetcharter24.com\/en\/private-jet-hire-paris\/","og_site_name":"JetCharter 24","article_modified_time":"2025-10-05T13:27:48+00:00","og_image":[{"width":750,"height":563,"url":"https:\/\/www.jetcharter24.com\/wp-content\/uploads\/2021\/08\/Privatjet_buchen_CJ2_1.jpg","type":"image\/jpeg"}],"twitter_card":"summary_large_image","twitter_misc":{"Est. reading time":"4 minutes"},"schema":{"@context":"https:\/\/schema.org","@graph":[{"@type":"WebPage","@id":"https:\/\/www.jetcharter24.com\/en\/private-jet-hire-paris\/","url":"https:\/\/www.jetcharter24.com\/en\/private-jet-hire-paris\/","name":"Private jet hire Paris Le Bourget (LBG\/LFPB) \u2705 with top service","isPartOf":{"@id":"https:\/\/www.jetcharter24.com\/en\/#website"},"primaryImageOfPage":{"@id":"https:\/\/www.jetcharter24.com\/en\/private-jet-hire-paris\/#primaryimage"},"image":{"@id":"https:\/\/www.jetcharter24.com\/en\/private-jet-hire-paris\/#primaryimage"},"thumbnailUrl":"https:\/\/www.jetcharter24.com\/wp-content\/uploads\/2021\/08\/Privatjet_buchen_CJ2_1.jpg","datePublished":"2024-10-16T07:18:05+00:00","dateModified":"2025-10-05T13:27:48+00:00","description":"Private jet hire Paris Le Bourget (LBG\/LFPB) \u2713 exclusive private jet network \u2713 personal availability and advice \u27a4 enquire","breadcrumb":{"@id":"https:\/\/www.jetcharter24.com\/en\/private-jet-hire-paris\/#breadcrumb"},"inLanguage":"en-US","potentialAction":[{"@type":"ReadAction","target":["https:\/\/www.jetcharter24.com\/en\/private-jet-hire-paris\/"]}]},{"@type":"ImageObject","inLanguage":"en-US","@id":"https:\/\/www.jetcharter24.com\/en\/private-jet-hire-paris\/#primaryimage","url":"https:\/\/www.jetcharter24.com\/wp-content\/uploads\/2021\/08\/Privatjet_buchen_CJ2_1.jpg","contentUrl":"https:\/\/www.jetcharter24.com\/wp-content\/uploads\/2021\/08\/Privatjet_buchen_CJ2_1.jpg"},{"@type":"BreadcrumbList","@id":"https:\/\/www.jetcharter24.com\/en\/private-jet-hire-paris\/#breadcrumb","itemListElement":[{"@type":"ListItem","position":1,"name":"Startseite","item":"https:\/\/www.jetcharter24.com\/en\/"},{"@type":"ListItem","position":2,"name":"Private jet hire Paris"}]},{"@type":"WebSite","@id":"https:\/\/www.jetcharter24.com\/en\/#website","url":"https:\/\/www.jetcharter24.com\/en\/","name":"JetCharter 24","description":"Ihr pers\u00f6nlicher JetCharter-Broker","potentialAction":[{"@type":"SearchAction","target":{"@type":"EntryPoint","urlTemplate":"https:\/\/www.jetcharter24.com\/en\/?s={search_term_string}"},"query-input":{"@type":"PropertyValueSpecification","valueRequired":true,"valueName":"search_term_string"}}],"inLanguage":"en-US"}]}},"_links":{"self":[{"href":"https:\/\/www.jetcharter24.com\/en\/wp-json\/wp\/v2\/pages\/89","targetHints":{"allow":["GET"]}}],"collection":[{"href":"https:\/\/www.jetcharter24.com\/en\/wp-json\/wp\/v2\/pages"}],"about":[{"href":"https:\/\/www.jetcharter24.com\/en\/wp-json\/wp\/v2\/types\/page"}],"author":[{"embeddable":true,"href":"https:\/\/www.jetcharter24.com\/en\/wp-json\/wp\/v2\/users\/1"}],"replies":[{"embeddable":true,"href":"https:\/\/www.jetcharter24.com\/en\/wp-json\/wp\/v2\/comments?post=89"}],"version-history":[{"count":2,"href":"https:\/\/www.jetcharter24.com\/en\/wp-json\/wp\/v2\/pages\/89\/revisions"}],"predecessor-version":[{"id":1076,"href":"https:\/\/www.jetcharter24.com\/en\/wp-json\/wp\/v2\/pages\/89\/revisions\/1076"}],"wp:attachment":[{"href":"https:\/\/www.jetcharter24.com\/en\/wp-json\/wp\/v2\/media?parent=89"}],"curies":[{"name":"wp","href":"https:\/\/api.w.org\/{rel}","templated":true}]}}